{"id":91,"date":"2021-02-27T15:21:49","date_gmt":"2021-02-27T15:21:49","guid":{"rendered":"http:\/\/mygoalthemes.com\/demo\/medil\/?page_id=91"},"modified":"2022-09-16T15:46:24","modified_gmt":"2022-09-16T15:46:24","slug":"about","status":"publish","type":"page","link":"https:\/\/divyafashionboutique.ro\/index.php\/about\/","title":{"rendered":"About Us"},"content":{"rendered":"\t\t<div data-elementor-type=\"wp-page\" data-elementor-id=\"91\" class=\"elementor elementor-91\">\n\t\t\t\t\t\t\t\t\t<section class=\"elementor-section elementor-top-section elementor-element elementor-element-3812f07 elementor-section-boxed elementor-section-height-default elementor-section-height-default\" data-id=\"3812f07\" data-element_type=\"section\">\n\t\t\t\t\t\t<div class=\"elementor-container elementor-column-gap-default\">\n\t\t\t\t\t<div class=\"elementor-column elementor-col-100 elementor-top-column elementor-element elementor-element-a62b614\" data-id=\"a62b614\" data-element_type=\"column\">\n\t\t\t<div class=\"elementor-widget-wrap elementor-element-populated\">\n\t\t\t\t\t\t\t\t<div class=\"elementor-element elementor-element-2dc6b5e elementor-widget__width-initial elementor-widget elementor-widget-text-editor\" data-id=\"2dc6b5e\" data-element_type=\"widget\" data-widget_type=\"text-editor.default\">\n\t\t\t\t<div class=\"elementor-widget-container\">\n\t\t\t<style>\/*! elementor - v3.7.4 - 31-08-2022 *\/\n.elementor-widget-text-editor.elementor-drop-cap-view-stacked .elementor-drop-cap{background-color:#818a91;color:#fff}.elementor-widget-text-editor.elementor-drop-cap-view-framed .elementor-drop-cap{color:#818a91;border:3px solid;background-color:transparent}.elementor-widget-text-editor:not(.elementor-drop-cap-view-default) .elementor-drop-cap{margin-top:8px}.elementor-widget-text-editor:not(.elementor-drop-cap-view-default) .elementor-drop-cap-letter{width:1em;height:1em}.elementor-widget-text-editor .elementor-drop-cap{float:left;text-align:center;line-height:1;font-size:50px}.elementor-widget-text-editor .elementor-drop-cap-letter{display:inline-block}<\/style>\t\t\t\t<p>Conceptul Divya Fashion a luat na\u0219tere \u00een 1991 din dorin\u021ba de a venii \u00een \u00eentimpinarea femeilor ce doresc a fi \u00eencrez\u0103toare \u0219i frumoase. Cu o vast\u0103 experien\u021b\u0103 \u00een domeniu, echipa Divya Fashion pune accent pe stil, rafinament \u0219i elegan\u021b\u0103, de asemenea pre\u021buim calitatea \u0219i aten\u021bia fa\u021b\u0103 de detalii. La Divya Fashion pute\u021bi g\u0103sii o gam\u0103 larg\u0103 de \u021binute casual, elegante \u0219i moderne, \u00eendeplininind mereu dorin\u021bele clientelor noastre, de la cele mai preten\u021bioase p\u00e2n\u0103 la cerin\u021bele celor ce doresc pur \u0219i simplu s\u0103 fie mereu \u00een trend.<\/p>\t\t\t\t\t\t<\/div>\n\t\t\t\t<\/div>\n\t\t\t\t<div class=\"elementor-element elementor-element-b503b05 elementor-widget elementor-widget-image\" data-id=\"b503b05\" data-element_type=\"widget\" data-widget_type=\"image.default\">\n\t\t\t\t<div class=\"elementor-widget-container\">\n\t\t\t<style>\/*! elementor - v3.7.4 - 31-08-2022 *\/\n.elementor-widget-image{text-align:center}.elementor-widget-image a{display:inline-block}.elementor-widget-image a img[src$=\".svg\"]{width:48px}.elementor-widget-image img{vertical-align:middle;display:inline-block}<\/style>\t\t\t\t\t\t\t\t\t\t\t\t<img loading=\"lazy\" decoding=\"async\" width=\"500\" height=\"500\" src=\"https:\/\/divyafashionboutique.ro\/wp-content\/uploads\/2022\/08\/Divya-Fashion-Boutique-1.png\" class=\"attachment-full size-full\" alt=\"\" srcset=\"https:\/\/divyafashionboutique.ro\/wp-content\/uploads\/2022\/08\/Divya-Fashion-Boutique-1.png 500w, https:\/\/divyafashionboutique.ro\/wp-content\/uploads\/2022\/08\/Divya-Fashion-Boutique-1-300x300.png 300w, https:\/\/divyafashionboutique.ro\/wp-content\/uploads\/2022\/08\/Divya-Fashion-Boutique-1-410x410.png 410w, https:\/\/divyafashionboutique.ro\/wp-content\/uploads\/2022\/08\/Divya-Fashion-Boutique-1-150x150.png 150w, https:\/\/divyafashionboutique.ro\/wp-content\/uploads\/2022\/08\/Divya-Fashion-Boutique-1-100x100.png 100w\" sizes=\"(max-width: 500px) 100vw, 500px\" \/>\t\t\t\t\t\t\t\t\t\t\t\t\t\t\t<\/div>\n\t\t\t\t<\/div>\n\t\t\t\t\t<\/div>\n\t\t<\/div>\n\t\t\t\t\t\t\t<\/div>\n\t\t<\/section>\n\t\t\t\t<section class=\"elementor-section elementor-top-section elementor-element elementor-element-696b6e1 elementor-section-boxed elementor-section-height-default elementor-section-height-default\" data-id=\"696b6e1\" data-element_type=\"section\">\n\t\t\t\t\t\t<div class=\"elementor-container elementor-column-gap-default\">\n\t\t\t\t\t<div class=\"elementor-column elementor-col-100 elementor-top-column elementor-element elementor-element-fca68f3\" data-id=\"fca68f3\" data-element_type=\"column\">\n\t\t\t<div class=\"elementor-widget-wrap elementor-element-populated\">\n\t\t\t\t\t\t\t\t<section class=\"elementor-section elementor-inner-section elementor-element elementor-element-947c83d elementor-section-boxed elementor-section-height-default elementor-section-height-default\" data-id=\"947c83d\" data-element_type=\"section\">\n\t\t\t\t\t\t<div class=\"elementor-container elementor-column-gap-default\">\n\t\t\t\t\t<div class=\"elementor-column elementor-col-33 elementor-inner-column elementor-element elementor-element-ff9a70d\" data-id=\"ff9a70d\" data-element_type=\"column\">\n\t\t\t<div class=\"elementor-widget-wrap elementor-element-populated\">\n\t\t\t\t\t\t\t\t<div class=\"elementor-element elementor-element-d45e4a5 elementor-widget elementor-widget-heading\" data-id=\"d45e4a5\" data-element_type=\"widget\" data-widget_type=\"heading.default\">\n\t\t\t\t<div class=\"elementor-widget-container\">\n\t\t\t<style>\/*! elementor - v3.7.4 - 31-08-2022 *\/\n.elementor-heading-title{padding:0;margin:0;line-height:1}.elementor-widget-heading .elementor-heading-title[class*=elementor-size-]>a{color:inherit;font-size:inherit;line-height:inherit}.elementor-widget-heading .elementor-heading-title.elementor-size-small{font-size:15px}.elementor-widget-heading .elementor-heading-title.elementor-size-medium{font-size:19px}.elementor-widget-heading .elementor-heading-title.elementor-size-large{font-size:29px}.elementor-widget-heading .elementor-heading-title.elementor-size-xl{font-size:39px}.elementor-widget-heading .elementor-heading-title.elementor-size-xxl{font-size:59px}<\/style><h2 class=\"elementor-heading-title elementor-size-default\">Our Mission<\/h2>\t\t<\/div>\n\t\t\t\t<\/div>\n\t\t\t\t<div class=\"elementor-element elementor-element-c4a1566 elementor-widget elementor-widget-text-editor\" data-id=\"c4a1566\" data-element_type=\"widget\" data-widget_type=\"text-editor.default\">\n\t\t\t\t<div class=\"elementor-widget-container\">\n\t\t\t\t\t\t\t<p>Oferim printre cele mai bune solu\u021bii femeilor care doresc s\u0103 \u00eembr\u0103\u021bi\u0219eze un stil casual, elegant \u0219i modern de \u00eembr\u0103c\u0103minte prin gama larg\u0103 de \u021binute.<\/p>\t\t\t\t\t\t<\/div>\n\t\t\t\t<\/div>\n\t\t\t\t\t<\/div>\n\t\t<\/div>\n\t\t\t\t<div class=\"elementor-column elementor-col-33 elementor-inner-column elementor-element elementor-element-3571e02\" data-id=\"3571e02\" data-element_type=\"column\">\n\t\t\t<div class=\"elementor-widget-wrap\">\n\t\t\t\t\t\t\t\t\t<\/div>\n\t\t<\/div>\n\t\t\t\t<div class=\"elementor-column elementor-col-33 elementor-inner-column elementor-element elementor-element-86d8ab4\" data-id=\"86d8ab4\" data-element_type=\"column\">\n\t\t\t<div class=\"elementor-widget-wrap elementor-element-populated\">\n\t\t\t\t\t\t\t\t<div class=\"elementor-element elementor-element-52864c7 elementor-widget elementor-widget-heading\" data-id=\"52864c7\" data-element_type=\"widget\" data-widget_type=\"heading.default\">\n\t\t\t\t<div class=\"elementor-widget-container\">\n\t\t\t<h2 class=\"elementor-heading-title elementor-size-default\">Our Vision<\/h2>\t\t<\/div>\n\t\t\t\t<\/div>\n\t\t\t\t<div class=\"elementor-element elementor-element-a2ff87f elementor-widget elementor-widget-text-editor\" data-id=\"a2ff87f\" data-element_type=\"widget\" data-widget_type=\"text-editor.default\">\n\t\t\t\t<div class=\"elementor-widget-container\">\n\t\t\t\t\t\t\t<p>Ne dorim ca fiecare produs din magazinul nostru s\u0103 aduc\u0103 bucurie doamnelor \u0219i domni\u0219oarelor \u00eencrez\u0103toare \u0219i frumoase.\u00a0<\/p>\t\t\t\t\t\t<\/div>\n\t\t\t\t<\/div>\n\t\t\t\t\t<\/div>\n\t\t<\/div>\n\t\t\t\t\t\t\t<\/div>\n\t\t<\/section>\n\t\t\t\t\t<\/div>\n\t\t<\/div>\n\t\t\t\t\t\t\t<\/div>\n\t\t<\/section>\n\t\t\t\t\t\t\t<\/div>\n\t\t","protected":false},"excerpt":{"rendered":"<p>Conceptul Divya Fashion a luat na\u0219tere \u00een 1991 din dorin\u021ba de a venii \u00een \u00eentimpinarea femeilor ce doresc a fi \u00eencrez\u0103toare \u0219i frumoase. Cu o vast\u0103 experien\u021b\u0103 \u00een domeniu, echipa Divya Fashion pune accent pe stil, rafinament \u0219i elegan\u021b\u0103, de asemenea pre\u021buim calitatea \u0219i aten\u021bia fa\u021b\u0103 de detalii. La Divya Fashion pute\u021bi g\u0103sii o gam\u0103 &hellip; <br \/><a href=\"https:\/\/divyafashionboutique.ro\/index.php\/about\/\" class=\"more-link\">Continue reading <span class=\"screen-reader-text\">About Us<\/span><\/a><\/p>\n","protected":false},"author":1,"featured_media":9005,"parent":0,"menu_order":0,"comment_status":"closed","ping_status":"closed","template":"","meta":{"footnotes":""},"yoast_head":"<!-- This site is optimized with the Yoast SEO plugin v19.6.1 - https:\/\/yoast.com\/wordpress\/plugins\/seo\/ -->\n<title>About Us - Divya Fashion Boutique<\/title>\n<meta name=\"robots\" content=\"index, follow, max-snippet:-1, max-image-preview:large, max-video-preview:-1\" \/>\n<link rel=\"canonical\" href=\"https:\/\/divyafashionboutique.ro\/index.php\/about\/\" \/>\n<meta property=\"og:locale\" content=\"ro_RO\" \/>\n<meta property=\"og:type\" content=\"article\" \/>\n<meta property=\"og:title\" content=\"About Us - Divya Fashion Boutique\" \/>\n<meta property=\"og:description\" content=\"Conceptul Divya Fashion a luat na\u0219tere \u00een 1991 din dorin\u021ba de a venii \u00een \u00eentimpinarea femeilor ce doresc a fi \u00eencrez\u0103toare \u0219i frumoase. Cu o vast\u0103 experien\u021b\u0103 \u00een domeniu, echipa Divya Fashion pune accent pe stil, rafinament \u0219i elegan\u021b\u0103, de asemenea pre\u021buim calitatea \u0219i aten\u021bia fa\u021b\u0103 de detalii. La Divya Fashion pute\u021bi g\u0103sii o gam\u0103 &hellip; Continue reading About Us\" \/>\n<meta property=\"og:url\" content=\"https:\/\/divyafashionboutique.ro\/index.php\/about\/\" \/>\n<meta property=\"og:site_name\" content=\"Divya Fashion Boutique\" \/>\n<meta property=\"article:modified_time\" content=\"2022-09-16T15:46:24+00:00\" \/>\n<meta property=\"og:image\" content=\"https:\/\/divyafashionboutique.ro\/wp-content\/uploads\/2022\/09\/freestocks-_3Q3tsJ01nc-unsplash-scaled.jpg\" \/>\n\t<meta property=\"og:image:width\" content=\"2560\" \/>\n\t<meta property=\"og:image:height\" content=\"1707\" \/>\n\t<meta property=\"og:image:type\" content=\"image\/jpeg\" \/>\n<meta name=\"twitter:card\" content=\"summary_large_image\" \/>\n<meta name=\"twitter:label1\" content=\"Timp estimat pentru citire\" \/>\n\t<meta name=\"twitter:data1\" content=\"1 minut\" \/>\n<script type=\"application\/ld+json\" class=\"yoast-schema-graph\">{\"@context\":\"https:\/\/schema.org\",\"@graph\":[{\"@type\":\"WebPage\",\"@id\":\"https:\/\/divyafashionboutique.ro\/index.php\/about\/\",\"url\":\"https:\/\/divyafashionboutique.ro\/index.php\/about\/\",\"name\":\"About Us - Divya Fashion Boutique\",\"isPartOf\":{\"@id\":\"https:\/\/divyafashionboutique.ro\/#website\"},\"datePublished\":\"2021-02-27T15:21:49+00:00\",\"dateModified\":\"2022-09-16T15:46:24+00:00\",\"breadcrumb\":{\"@id\":\"https:\/\/divyafashionboutique.ro\/index.php\/about\/#breadcrumb\"},\"inLanguage\":\"ro-RO\",\"potentialAction\":[{\"@type\":\"ReadAction\",\"target\":[\"https:\/\/divyafashionboutique.ro\/index.php\/about\/\"]}]},{\"@type\":\"BreadcrumbList\",\"@id\":\"https:\/\/divyafashionboutique.ro\/index.php\/about\/#breadcrumb\",\"itemListElement\":[{\"@type\":\"ListItem\",\"position\":1,\"name\":\"Prima pagin\u0103\",\"item\":\"https:\/\/divyafashionboutique.ro\/\"},{\"@type\":\"ListItem\",\"position\":2,\"name\":\"About Us\"}]},{\"@type\":\"WebSite\",\"@id\":\"https:\/\/divyafashionboutique.ro\/#website\",\"url\":\"https:\/\/divyafashionboutique.ro\/\",\"name\":\"Divya Fashion Boutique\",\"description\":\"\",\"potentialAction\":[{\"@type\":\"SearchAction\",\"target\":{\"@type\":\"EntryPoint\",\"urlTemplate\":\"https:\/\/divyafashionboutique.ro\/?s={search_term_string}\"},\"query-input\":\"required name=search_term_string\"}],\"inLanguage\":\"ro-RO\"}]}<\/script>\n<!-- \/ Yoast SEO plugin. -->","yoast_head_json":{"title":"About Us - Divya Fashion Boutique","robots":{"index":"index","follow":"follow","max-snippet":"max-snippet:-1","max-image-preview":"max-image-preview:large","max-video-preview":"max-video-preview:-1"},"canonical":"https:\/\/divyafashionboutique.ro\/index.php\/about\/","og_locale":"ro_RO","og_type":"article","og_title":"About Us - Divya Fashion Boutique","og_description":"Conceptul Divya Fashion a luat na\u0219tere \u00een 1991 din dorin\u021ba de a venii \u00een \u00eentimpinarea femeilor ce doresc a fi \u00eencrez\u0103toare \u0219i frumoase. Cu o vast\u0103 experien\u021b\u0103 \u00een domeniu, echipa Divya Fashion pune accent pe stil, rafinament \u0219i elegan\u021b\u0103, de asemenea pre\u021buim calitatea \u0219i aten\u021bia fa\u021b\u0103 de detalii. La Divya Fashion pute\u021bi g\u0103sii o gam\u0103 &hellip; Continue reading About Us","og_url":"https:\/\/divyafashionboutique.ro\/index.php\/about\/","og_site_name":"Divya Fashion Boutique","article_modified_time":"2022-09-16T15:46:24+00:00","og_image":[{"width":2560,"height":1707,"url":"https:\/\/divyafashionboutique.ro\/wp-content\/uploads\/2022\/09\/freestocks-_3Q3tsJ01nc-unsplash-scaled.jpg","type":"image\/jpeg"}],"twitter_card":"summary_large_image","twitter_misc":{"Timp estimat pentru citire":"1 minut"},"schema":{"@context":"https:\/\/schema.org","@graph":[{"@type":"WebPage","@id":"https:\/\/divyafashionboutique.ro\/index.php\/about\/","url":"https:\/\/divyafashionboutique.ro\/index.php\/about\/","name":"About Us - Divya Fashion Boutique","isPartOf":{"@id":"https:\/\/divyafashionboutique.ro\/#website"},"datePublished":"2021-02-27T15:21:49+00:00","dateModified":"2022-09-16T15:46:24+00:00","breadcrumb":{"@id":"https:\/\/divyafashionboutique.ro\/index.php\/about\/#breadcrumb"},"inLanguage":"ro-RO","potentialAction":[{"@type":"ReadAction","target":["https:\/\/divyafashionboutique.ro\/index.php\/about\/"]}]},{"@type":"BreadcrumbList","@id":"https:\/\/divyafashionboutique.ro\/index.php\/about\/#breadcrumb","itemListElement":[{"@type":"ListItem","position":1,"name":"Prima pagin\u0103","item":"https:\/\/divyafashionboutique.ro\/"},{"@type":"ListItem","position":2,"name":"About Us"}]},{"@type":"WebSite","@id":"https:\/\/divyafashionboutique.ro\/#website","url":"https:\/\/divyafashionboutique.ro\/","name":"Divya Fashion Boutique","description":"","potentialAction":[{"@type":"SearchAction","target":{"@type":"EntryPoint","urlTemplate":"https:\/\/divyafashionboutique.ro\/?s={search_term_string}"},"query-input":"required name=search_term_string"}],"inLanguage":"ro-RO"}]}},"_links":{"self":[{"href":"https:\/\/divyafashionboutique.ro\/index.php\/wp-json\/wp\/v2\/pages\/91"}],"collection":[{"href":"https:\/\/divyafashionboutique.ro\/index.php\/wp-json\/wp\/v2\/pages"}],"about":[{"href":"https:\/\/divyafashionboutique.ro\/index.php\/wp-json\/wp\/v2\/types\/page"}],"author":[{"embeddable":true,"href":"https:\/\/divyafashionboutique.ro\/index.php\/wp-json\/wp\/v2\/users\/1"}],"replies":[{"embeddable":true,"href":"https:\/\/divyafashionboutique.ro\/index.php\/wp-json\/wp\/v2\/comments?post=91"}],"version-history":[{"count":21,"href":"https:\/\/divyafashionboutique.ro\/index.php\/wp-json\/wp\/v2\/pages\/91\/revisions"}],"predecessor-version":[{"id":9239,"href":"https:\/\/divyafashionboutique.ro\/index.php\/wp-json\/wp\/v2\/pages\/91\/revisions\/9239"}],"wp:featuredmedia":[{"embeddable":true,"href":"https:\/\/divyafashionboutique.ro\/index.php\/wp-json\/wp\/v2\/media\/9005"}],"wp:attachment":[{"href":"https:\/\/divyafashionboutique.ro\/index.php\/wp-json\/wp\/v2\/media?parent=91"}],"curies":[{"name":"wp","href":"https:\/\/api.w.org\/{rel}","templated":true}]}}